{"id":31,"date":"2014-09-30T02:56:41","date_gmt":"2014-09-30T02:56:41","guid":{"rendered":"https:\/\/themify.me\/demo\/themes\/parallax\/?page_id=2366"},"modified":"2024-12-12T11:25:00","modified_gmt":"2024-12-12T10:25:00","slug":"home","status":"publish","type":"page","link":"https:\/\/lundr-bauunternehmen.de\/","title":{"rendered":"Home"},"content":{"rendered":"<!-- wp:themify-builder\/canvas \/-->","protected":false},"excerpt":{"rendered":"","protected":false},"author":1,"featured_media":0,"parent":0,"menu_order":0,"comment_status":"closed","ping_status":"closed","template":"","meta":{"footnotes":""},"class_list":["post-31","page","type-page","status-publish","hentry","has-post-title","has-post-date","has-post-category","has-post-tag","has-post-comment","has-post-author",""],"builder_content":"<h1>WIR F\u00dcR SIE<\/h1>\n<h3>Seit fast 3 Jahrzenten bauen, entkernen und rei\u00dfen wir Bauwerke ab. Erfahren Sie mehr \u00fcber uns<\/h3>\n<a href=\"https:\/\/lundr-bauunternehmen.de\/?page_id=182\" > mehr dazu ... <\/a>\n<h2>Unsere Leistungen<\/h2>\n<a href=\"https:\/\/lundr-bauunternehmen.de\/?page_id=227\"> <svg> <circle r=\"calc(50% - 2.00px)\" cx=\"50%\" cy=\"50%\" stroke-width=\"4\"\/> <circle r=\"calc(50% - 2.00px)\" cx=\"50%\" cy=\"50%\" stroke=\"#ffffff\" stroke-width=\"4\" data-progress=\"100\" stroke-dasharray=\"0,10000\"\/> <\/svg> <img src=\"https:\/\/aruci-media.de\/lr\/wp-content\/uploads\/2017\/11\/hochbau.jpg\" width=\"200\" height=\"200\" style=\"width:calc(100% - 8px);height:calc(100% - 8px)\" alt=\"Hochbau\"> \n <\/a> <h3> <a href=\"https:\/\/lundr-bauunternehmen.de\/?page_id=227\">Hochbau<\/a> <\/h3> <p>Gewerbebau, Industriebau, \u00f6ffentlicher oder privater Wohnungsbau, anspruchsvolle Projekte<\/p>\n<a href=\"https:\/\/lundr-bauunternehmen.de\/?page_id=230\"> <svg> <circle r=\"calc(50% - 2.00px)\" cx=\"50%\" cy=\"50%\" stroke-width=\"4\"\/> <circle r=\"calc(50% - 2.00px)\" cx=\"50%\" cy=\"50%\" stroke=\"#ffffff\" stroke-width=\"4\" data-progress=\"100\" stroke-dasharray=\"0,10000\"\/> <\/svg> <img src=\"https:\/\/aruci-media.de\/lr\/wp-content\/uploads\/2017\/11\/tiefbau.jpg\" width=\"200\" height=\"200\" style=\"width:calc(100% - 8px);height:calc(100% - 8px)\" alt=\"Tiefbau\"> \n <\/a> <h3> <a href=\"https:\/\/lundr-bauunternehmen.de\/?page_id=230\">Tiefbau<\/a> <\/h3> <p>Bau von Infrastruktursysteme wie Stra\u00dfen, Leitungen, Kan\u00e4le, Kommunikationsanlagen, Versorgungssysteme<\/p>\n<a href=\"https:\/\/lundr-bauunternehmen.de\/?page_id=233\"> <svg> <circle r=\"calc(50% - 2.00px)\" cx=\"50%\" cy=\"50%\" stroke-width=\"4\"\/> <circle r=\"calc(50% - 2.00px)\" cx=\"50%\" cy=\"50%\" stroke=\"#ffffff\" stroke-width=\"4\" data-progress=\"100\" stroke-dasharray=\"0,10000\"\/> <\/svg> <img src=\"https:\/\/aruci-media.de\/lr\/wp-content\/uploads\/2017\/11\/abriss.jpg\" width=\"200\" height=\"200\" style=\"width:calc(100% - 8px);height:calc(100% - 8px)\" alt=\"Abriss\"> \n <\/a> <h3> <a href=\"https:\/\/lundr-bauunternehmen.de\/?page_id=233\">Abriss<\/a> <\/h3> <p>Fachgerechter Abriss von alten Bauwerken mit allen dazugeh\u00f6rigen Abbrucharbeiten<\/p>\n<a href=\"https:\/\/lundr-bauunternehmen.de\/?page_id=236\"> <svg> <circle r=\"calc(50% - 2.00px)\" cx=\"50%\" cy=\"50%\" stroke-width=\"4\"\/> <circle r=\"calc(50% - 2.00px)\" cx=\"50%\" cy=\"50%\" stroke=\"#ffffff\" stroke-width=\"4\" data-progress=\"100\" stroke-dasharray=\"0,10000\"\/> <\/svg> <img src=\"https:\/\/aruci-media.de\/lr\/wp-content\/uploads\/2017\/11\/abbriss.jpg\" width=\"200\" height=\"200\" style=\"width:calc(100% - 8px);height:calc(100% - 8px)\" alt=\"Entkernung\"> \n <\/a> <h3> <a href=\"https:\/\/lundr-bauunternehmen.de\/?page_id=236\">Entkernung<\/a> <\/h3> <p>Mit unserem Personal verf\u00fcgen wir \u00fcber das Potenzial, die Erfahrung und das Fachwissen solche Projekte professionell durchzuf\u00fchren<\/p>\n<h2>Unsere Projekte<\/h2>\n<a href=\"https:\/\/lundr-bauunternehmen.de\/?page_id=184\" > alle Projekte <\/a>\n<iframe src=\"https:\/\/www.google.com\/maps\/embed?pb=!1m18!1m12!1m3!1d5110.383986401165!2d8.73434737611767!3d50.17624650706974!2m3!1f0!2f0!3f0!3m2!1i1024!2i768!4f13.1!3m3!1m2!1s0x47bd0f79b9fd55d7%3A0xac991515734b70a3!2sL%26R%20Bauunternehmen!5e0!3m2!1sde!2sde!4v1730204630652!5m2!1sde!2sde\" width=\"100%\" height=\"450\" style=\"border:0;\" allowfullscreen=\"\" loading=\"lazy\" referrerpolicy=\"no-referrer-when-downgrade\"><\/iframe>","_links":{"self":[{"href":"https:\/\/lundr-bauunternehmen.de\/index.php?rest_route=\/wp\/v2\/pages\/31","targetHints":{"allow":["GET"]}}],"collection":[{"href":"https:\/\/lundr-bauunternehmen.de\/index.php?rest_route=\/wp\/v2\/pages"}],"about":[{"href":"https:\/\/lundr-bauunternehmen.de\/index.php?rest_route=\/wp\/v2\/types\/page"}],"author":[{"embeddable":true,"href":"https:\/\/lundr-bauunternehmen.de\/index.php?rest_route=\/wp\/v2\/users\/1"}],"replies":[{"embeddable":true,"href":"https:\/\/lundr-bauunternehmen.de\/index.php?rest_route=%2Fwp%2Fv2%2Fcomments&post=31"}],"version-history":[{"count":199,"href":"https:\/\/lundr-bauunternehmen.de\/index.php?rest_route=\/wp\/v2\/pages\/31\/revisions"}],"predecessor-version":[{"id":1672,"href":"https:\/\/lundr-bauunternehmen.de\/index.php?rest_route=\/wp\/v2\/pages\/31\/revisions\/1672"}],"wp:attachment":[{"href":"https:\/\/lundr-bauunternehmen.de\/index.php?rest_route=%2Fwp%2Fv2%2Fmedia&parent=31"}],"curies":[{"name":"wp","href":"https:\/\/api.w.org\/{rel}","templated":true}]}}