{"id":249,"date":"2017-11-13T10:47:42","date_gmt":"2017-11-13T09:47:42","guid":{"rendered":"https:\/\/lundr-bauunternehmen.de\/?page_id=249"},"modified":"2024-10-20T00:47:59","modified_gmt":"2024-10-19T22:47:59","slug":"historie","status":"publish","type":"page","link":"https:\/\/lundr-bauunternehmen.de\/?page_id=249","title":{"rendered":"Historie"},"content":{"rendered":"<!-- wp:themify-builder\/canvas \/-->","protected":false},"excerpt":{"rendered":"","protected":false},"author":1,"featured_media":0,"parent":182,"menu_order":3,"comment_status":"closed","ping_status":"closed","template":"","meta":{"footnotes":""},"class_list":["post-249","page","type-page","status-publish","hentry","has-post-title","has-post-date","has-post-category","has-post-tag","has-post-comment","has-post-author",""],"builder_content":"Bauunternehmen L &amp; R wurde mitte der 90er Jahre von jetzigen Gesch\u00e4ftsf\u00fchrer gegr\u00fcndet. Die ersten Auftr\u00e4ge der Gesellschaft waren die Ausf\u00fchrungen von Eisenflechtarbeiten.\nDie Autr\u00e4ge erh\u00f6hten sich und weitere Mitarbeiter wurde eingestellt. Mithin erweiterten wir unsere T\u00e4tigkeiten auf Umbauma\u00dfnahmen von Bauwerken bis hin zu Rohbau. Die Qualit\u00e4t mit dem wir unsere Auftr\u00e4ge erledigten, hat uns \u00fcberzeugt den Umfang der Bauma\u00dfnahmen zu erweitern. Die Zufriedenheit unsere Kunden und die abgelieferte Qualit\u00e4t mit entsprechenden Personal war der Anlass daf\u00fcr, dass wir mittlerweile Leistungen anbieten die von Fundament bis Dach \u00fcbergehen.\nIn Zukunft werden wir weiterhin unsere Kr\u00e4fte b\u00fcndeln und unsere Auftr\u00e4ge zur vollsten Zufriedenheit abliefern. Den Beweis der Arbeit liefert die Zeit, indem wir trotz mancher wirtschaftlichen Krisenzeiten als Familienunternehmen dennoch erfolgreich am umk\u00e4pften Markt stehen.","_links":{"self":[{"href":"https:\/\/lundr-bauunternehmen.de\/index.php?rest_route=\/wp\/v2\/pages\/249","targetHints":{"allow":["GET"]}}],"collection":[{"href":"https:\/\/lundr-bauunternehmen.de\/index.php?rest_route=\/wp\/v2\/pages"}],"about":[{"href":"https:\/\/lundr-bauunternehmen.de\/index.php?rest_route=\/wp\/v2\/types\/page"}],"author":[{"embeddable":true,"href":"https:\/\/lundr-bauunternehmen.de\/index.php?rest_route=\/wp\/v2\/users\/1"}],"replies":[{"embeddable":true,"href":"https:\/\/lundr-bauunternehmen.de\/index.php?rest_route=%2Fwp%2Fv2%2Fcomments&post=249"}],"version-history":[{"count":34,"href":"https:\/\/lundr-bauunternehmen.de\/index.php?rest_route=\/wp\/v2\/pages\/249\/revisions"}],"predecessor-version":[{"id":1284,"href":"https:\/\/lundr-bauunternehmen.de\/index.php?rest_route=\/wp\/v2\/pages\/249\/revisions\/1284"}],"up":[{"embeddable":true,"href":"https:\/\/lundr-bauunternehmen.de\/index.php?rest_route=\/wp\/v2\/pages\/182"}],"wp:attachment":[{"href":"https:\/\/lundr-bauunternehmen.de\/index.php?rest_route=%2Fwp%2Fv2%2Fmedia&parent=249"}],"curies":[{"name":"wp","href":"https:\/\/api.w.org\/{rel}","templated":true}]}}