{"id":247,"date":"2017-11-13T10:47:31","date_gmt":"2017-11-13T09:47:31","guid":{"rendered":"https:\/\/lundr-bauunternehmen.de\/?page_id=247"},"modified":"2024-11-15T10:28:27","modified_gmt":"2024-11-15T09:28:27","slug":"kompetenz","status":"publish","type":"page","link":"https:\/\/lundr-bauunternehmen.de\/?page_id=247","title":{"rendered":"Kompetenz"},"content":{"rendered":"<!-- wp:themify-builder\/canvas \/-->","protected":false},"excerpt":{"rendered":"","protected":false},"author":1,"featured_media":0,"parent":182,"menu_order":2,"comment_status":"closed","ping_status":"closed","template":"","meta":{"footnotes":""},"class_list":["post-247","page","type-page","status-publish","hentry","has-post-title","has-post-date","has-post-category","has-post-tag","has-post-comment","has-post-author",""],"builder_content":"Als kompetenter Partner in der Baubranche liegen unser Aufgaben in der Durchf\u00fchrung von:\n<a href=\"https:\/\/lundr-bauunternehmen.de\/?page_id=227\" > <img src=\"https:\/\/aruci-media.de\/lr\/wp-content\/uploads\/2017\/11\/hochbau.jpg\" width=\"250\" alt=\"Hochbau\"> <\/a> <h4 class='tb-menu-title'>Hochbau<\/h4>\n<a href=\"https:\/\/lundr-bauunternehmen.de\/?page_id=230\" > <img src=\"https:\/\/aruci-media.de\/lr\/wp-content\/uploads\/2017\/11\/tiefbau.jpg\" width=\"250\" alt=\"Tiefbau\"> <\/a> <h4 class='tb-menu-title'>Tiefbau<\/h4>\n<a href=\"https:\/\/lundr-bauunternehmen.de\/?page_id=233\" > <img src=\"https:\/\/aruci-media.de\/lr\/wp-content\/uploads\/2017\/11\/abriss.jpg\" width=\"250\" alt=\"Abriss\"> <\/a> <h4 class='tb-menu-title'>Abriss<\/h4>\n<a href=\"https:\/\/lundr-bauunternehmen.de\/?page_id=236\" > <img src=\"https:\/\/aruci-media.de\/lr\/wp-content\/uploads\/2017\/11\/abbriss.jpg\" width=\"250\" height=\"400\" alt=\"Entkernung\"> <\/a> <h4 class='tb-menu-title'>Entkernung<\/h4>\nAuf Wunsch planen wir f\u00fcr Sie auch Bauvorhaben von der Konzeption bis zur Baugenehmigung.\nLassen Sie uns in einem Gespr\u00e4ch herausfinden, was wir f\u00fcr Sie fachm\u00e4nnisch bauen k\u00f6nnen.","_links":{"self":[{"href":"https:\/\/lundr-bauunternehmen.de\/index.php?rest_route=\/wp\/v2\/pages\/247","targetHints":{"allow":["GET"]}}],"collection":[{"href":"https:\/\/lundr-bauunternehmen.de\/index.php?rest_route=\/wp\/v2\/pages"}],"about":[{"href":"https:\/\/lundr-bauunternehmen.de\/index.php?rest_route=\/wp\/v2\/types\/page"}],"author":[{"embeddable":true,"href":"https:\/\/lundr-bauunternehmen.de\/index.php?rest_route=\/wp\/v2\/users\/1"}],"replies":[{"embeddable":true,"href":"https:\/\/lundr-bauunternehmen.de\/index.php?rest_route=%2Fwp%2Fv2%2Fcomments&post=247"}],"version-history":[{"count":53,"href":"https:\/\/lundr-bauunternehmen.de\/index.php?rest_route=\/wp\/v2\/pages\/247\/revisions"}],"predecessor-version":[{"id":1593,"href":"https:\/\/lundr-bauunternehmen.de\/index.php?rest_route=\/wp\/v2\/pages\/247\/revisions\/1593"}],"up":[{"embeddable":true,"href":"https:\/\/lundr-bauunternehmen.de\/index.php?rest_route=\/wp\/v2\/pages\/182"}],"wp:attachment":[{"href":"https:\/\/lundr-bauunternehmen.de\/index.php?rest_route=%2Fwp%2Fv2%2Fmedia&parent=247"}],"curies":[{"name":"wp","href":"https:\/\/api.w.org\/{rel}","templated":true}]}}