{"id":245,"date":"2017-11-13T10:47:10","date_gmt":"2017-11-13T09:47:10","guid":{"rendered":"https:\/\/lundr-bauunternehmen.de\/?page_id=245"},"modified":"2024-10-20T00:45:44","modified_gmt":"2024-10-19T22:45:44","slug":"philosophie","status":"publish","type":"page","link":"https:\/\/lundr-bauunternehmen.de\/?page_id=245","title":{"rendered":"Philosophie"},"content":{"rendered":"<!-- wp:themify-builder\/canvas \/-->","protected":false},"excerpt":{"rendered":"","protected":false},"author":1,"featured_media":0,"parent":182,"menu_order":1,"comment_status":"closed","ping_status":"closed","template":"","meta":{"footnotes":""},"class_list":["post-245","page","type-page","status-publish","hentry","has-post-title","has-post-date","has-post-category","has-post-tag","has-post-comment","has-post-author",""],"builder_content":"Erfolg wird nur durch Qualit\u00e4t erreicht. Qualit\u00e4t erreicht man mit dem besten Preis-Leistungs-Verh\u00e4ltnis. Den besten Preis-Leistungs-Verh\u00e4ltnis bieten wir seit der Gr\u00fcndung des Bauunternehmens. Wir richten uns an die Vorgaben unserer Auftraggeber.\nSie m\u00f6chten das Beste von Besten haben?\nSprechen Sie uns darauf an. Wir freuen uns auf Ihre Anfrage.","_links":{"self":[{"href":"https:\/\/lundr-bauunternehmen.de\/index.php?rest_route=\/wp\/v2\/pages\/245","targetHints":{"allow":["GET"]}}],"collection":[{"href":"https:\/\/lundr-bauunternehmen.de\/index.php?rest_route=\/wp\/v2\/pages"}],"about":[{"href":"https:\/\/lundr-bauunternehmen.de\/index.php?rest_route=\/wp\/v2\/types\/page"}],"author":[{"embeddable":true,"href":"https:\/\/lundr-bauunternehmen.de\/index.php?rest_route=\/wp\/v2\/users\/1"}],"replies":[{"embeddable":true,"href":"https:\/\/lundr-bauunternehmen.de\/index.php?rest_route=%2Fwp%2Fv2%2Fcomments&post=245"}],"version-history":[{"count":18,"href":"https:\/\/lundr-bauunternehmen.de\/index.php?rest_route=\/wp\/v2\/pages\/245\/revisions"}],"predecessor-version":[{"id":1278,"href":"https:\/\/lundr-bauunternehmen.de\/index.php?rest_route=\/wp\/v2\/pages\/245\/revisions\/1278"}],"up":[{"embeddable":true,"href":"https:\/\/lundr-bauunternehmen.de\/index.php?rest_route=\/wp\/v2\/pages\/182"}],"wp:attachment":[{"href":"https:\/\/lundr-bauunternehmen.de\/index.php?rest_route=%2Fwp%2Fv2%2Fmedia&parent=245"}],"curies":[{"name":"wp","href":"https:\/\/api.w.org\/{rel}","templated":true}]}}