{"id":236,"date":"2017-11-13T10:43:34","date_gmt":"2017-11-13T09:43:34","guid":{"rendered":"https:\/\/lundr-bauunternehmen.de\/?page_id=236"},"modified":"2024-10-29T15:47:43","modified_gmt":"2024-10-29T14:47:43","slug":"entkernung","status":"publish","type":"page","link":"https:\/\/lundr-bauunternehmen.de\/?page_id=236","title":{"rendered":"Entkernung"},"content":{"rendered":"<!-- wp:themify-builder\/canvas \/-->","protected":false},"excerpt":{"rendered":"","protected":false},"author":1,"featured_media":0,"parent":180,"menu_order":4,"comment_status":"closed","ping_status":"closed","template":"","meta":{"footnotes":""},"class_list":["post-236","page","type-page","status-publish","hentry","has-post-title","has-post-date","has-post-category","has-post-tag","has-post-comment","has-post-author",""],"builder_content":"<h1>Entkernung<br\/><\/h1>\nMit der Entkernung eines Geb\u00e4udes bringt man es in den Rohbauzustand zur\u00fcck. Bei Teil- oder Vollentkernungen ist entweder das Ziel, das Geb\u00e4ude zu sanieren und damit die Nutzung zu verbessern\/modernisieren oder es sind die Vorarbeiten f\u00fcr einen sortenreinen Abbruch des Geb\u00e4udes.\nBei der Entkernung von Geb\u00e4uden ist spezielle Fachkompetenz unentbehrlich. Mit unserem geschulten Personal verf\u00fcgen wir \u00fcber das Potenzial, die Erfahrung und das Fachwissen solche Projekte professionell durchzuf\u00fchren.\n<tf-lottie data-lazy=\"1\"> <template>{\"actions\":[{\"path\":\"https:\\\/\\\/lundr-bauunternehmen.de\\\/wp-content\\\/uploads\\\/2024\\\/10\\\/lf20_t9gR7Q.json\",\"seg\":\"0,150\"}],\"loop\":1}<\/template> <\/tf-lottie>","_links":{"self":[{"href":"https:\/\/lundr-bauunternehmen.de\/index.php?rest_route=\/wp\/v2\/pages\/236","targetHints":{"allow":["GET"]}}],"collection":[{"href":"https:\/\/lundr-bauunternehmen.de\/index.php?rest_route=\/wp\/v2\/pages"}],"about":[{"href":"https:\/\/lundr-bauunternehmen.de\/index.php?rest_route=\/wp\/v2\/types\/page"}],"author":[{"embeddable":true,"href":"https:\/\/lundr-bauunternehmen.de\/index.php?rest_route=\/wp\/v2\/users\/1"}],"replies":[{"embeddable":true,"href":"https:\/\/lundr-bauunternehmen.de\/index.php?rest_route=%2Fwp%2Fv2%2Fcomments&post=236"}],"version-history":[{"count":33,"href":"https:\/\/lundr-bauunternehmen.de\/index.php?rest_route=\/wp\/v2\/pages\/236\/revisions"}],"predecessor-version":[{"id":1394,"href":"https:\/\/lundr-bauunternehmen.de\/index.php?rest_route=\/wp\/v2\/pages\/236\/revisions\/1394"}],"up":[{"embeddable":true,"href":"https:\/\/lundr-bauunternehmen.de\/index.php?rest_route=\/wp\/v2\/pages\/180"}],"wp:attachment":[{"href":"https:\/\/lundr-bauunternehmen.de\/index.php?rest_route=%2Fwp%2Fv2%2Fmedia&parent=236"}],"curies":[{"name":"wp","href":"https:\/\/api.w.org\/{rel}","templated":true}]}}