{"id":230,"date":"2017-11-13T10:43:07","date_gmt":"2017-11-13T09:43:07","guid":{"rendered":"https:\/\/lundr-bauunternehmen.de\/?page_id=230"},"modified":"2024-10-20T01:05:12","modified_gmt":"2024-10-19T23:05:12","slug":"tiefbau","status":"publish","type":"page","link":"https:\/\/lundr-bauunternehmen.de\/?page_id=230","title":{"rendered":"Tiefbau"},"content":{"rendered":"<!-- wp:themify-builder\/canvas \/-->","protected":false},"excerpt":{"rendered":"","protected":false},"author":1,"featured_media":0,"parent":180,"menu_order":2,"comment_status":"closed","ping_status":"closed","template":"","meta":{"footnotes":""},"class_list":["post-230","page","type-page","status-publish","hentry","has-post-title","has-post-date","has-post-category","has-post-tag","has-post-comment","has-post-author",""],"builder_content":"<img src=\"https:\/\/aruci-media.de\/lr\/wp-content\/uploads\/2017\/11\/lundr_tiefbau.png\" width=\"400\" height=\"533\" title=\"Tiefbau\" alt=\"Tiefbau\">\n<h1>Tiefbau<br\/><\/h1>\nWir f\u00fchren gewissenhaft Infrastruktursysteme wie Stra\u00dfen, Leitungen und Kan\u00e4le sichern Kommunikation, Information und Versorgung.\nWir arbeiten mit voller Kraft t\u00e4glich unter freiem Himmel, um die Anforderungen unserer Auftraggeber zu erf\u00fcllen.\nNeben Erdarbeiten jeder Art geh\u00f6ren Asphalt- und Pflasterarbeiten als Elemente von Au\u00dfenanlagen, ihre Hofeinfahrt, die Gehwege oder Ortsplatzgestaltungen zu unseren Leistungsspektrum im Bereich Tiefbau.","_links":{"self":[{"href":"https:\/\/lundr-bauunternehmen.de\/index.php?rest_route=\/wp\/v2\/pages\/230","targetHints":{"allow":["GET"]}}],"collection":[{"href":"https:\/\/lundr-bauunternehmen.de\/index.php?rest_route=\/wp\/v2\/pages"}],"about":[{"href":"https:\/\/lundr-bauunternehmen.de\/index.php?rest_route=\/wp\/v2\/types\/page"}],"author":[{"embeddable":true,"href":"https:\/\/lundr-bauunternehmen.de\/index.php?rest_route=\/wp\/v2\/users\/1"}],"replies":[{"embeddable":true,"href":"https:\/\/lundr-bauunternehmen.de\/index.php?rest_route=%2Fwp%2Fv2%2Fcomments&post=230"}],"version-history":[{"count":27,"href":"https:\/\/lundr-bauunternehmen.de\/index.php?rest_route=\/wp\/v2\/pages\/230\/revisions"}],"predecessor-version":[{"id":1308,"href":"https:\/\/lundr-bauunternehmen.de\/index.php?rest_route=\/wp\/v2\/pages\/230\/revisions\/1308"}],"up":[{"embeddable":true,"href":"https:\/\/lundr-bauunternehmen.de\/index.php?rest_route=\/wp\/v2\/pages\/180"}],"wp:attachment":[{"href":"https:\/\/lundr-bauunternehmen.de\/index.php?rest_route=%2Fwp%2Fv2%2Fmedia&parent=230"}],"curies":[{"name":"wp","href":"https:\/\/api.w.org\/{rel}","templated":true}]}}