{"id":227,"date":"2017-11-13T10:42:56","date_gmt":"2017-11-13T09:42:56","guid":{"rendered":"https:\/\/lundr-bauunternehmen.de\/?page_id=227"},"modified":"2024-10-29T15:44:51","modified_gmt":"2024-10-29T14:44:51","slug":"hochbau","status":"publish","type":"page","link":"https:\/\/lundr-bauunternehmen.de\/?page_id=227","title":{"rendered":"Hochbau"},"content":{"rendered":"<!-- wp:themify-builder\/canvas \/-->","protected":false},"excerpt":{"rendered":"","protected":false},"author":1,"featured_media":0,"parent":180,"menu_order":1,"comment_status":"closed","ping_status":"closed","template":"","meta":{"footnotes":""},"class_list":["post-227","page","type-page","status-publish","hentry","has-post-title","has-post-date","has-post-category","has-post-tag","has-post-comment","has-post-author",""],"builder_content":"<tf-lottie data-lazy=\"1\"> <template>{\"actions\":[{\"path\":\"https:\\\/\\\/lundr-bauunternehmen.de\\\/wp-content\\\/uploads\\\/2024\\\/10\\\/lf20_AXVLN3yxXO.json\",\"seg\":\"0,216\"}],\"loop\":1}<\/template> <\/tf-lottie>\n<h1>Hochbau<br\/><\/h1>\nWir realisieren Gewerbebau, Industriebau, \u00f6ffentlicher oder privater Wohnungsbau, anspruchsvolle Projekte zuverl\u00e4ssig, termingerecht und wirtschaftlich in einer gleichbleibend hohen Qualit\u00e4t.\nUnser Anliegen ist das Anbieten von ganzheitlichen L\u00f6sungen, qualifizierte Beratung und Betreuung vom ersten Gespr\u00e4ch bis zur Fertigstellung und dar\u00fcber hinaus.","_links":{"self":[{"href":"https:\/\/lundr-bauunternehmen.de\/index.php?rest_route=\/wp\/v2\/pages\/227","targetHints":{"allow":["GET"]}}],"collection":[{"href":"https:\/\/lundr-bauunternehmen.de\/index.php?rest_route=\/wp\/v2\/pages"}],"about":[{"href":"https:\/\/lundr-bauunternehmen.de\/index.php?rest_route=\/wp\/v2\/types\/page"}],"author":[{"embeddable":true,"href":"https:\/\/lundr-bauunternehmen.de\/index.php?rest_route=\/wp\/v2\/users\/1"}],"replies":[{"embeddable":true,"href":"https:\/\/lundr-bauunternehmen.de\/index.php?rest_route=%2Fwp%2Fv2%2Fcomments&post=227"}],"version-history":[{"count":45,"href":"https:\/\/lundr-bauunternehmen.de\/index.php?rest_route=\/wp\/v2\/pages\/227\/revisions"}],"predecessor-version":[{"id":1390,"href":"https:\/\/lundr-bauunternehmen.de\/index.php?rest_route=\/wp\/v2\/pages\/227\/revisions\/1390"}],"up":[{"embeddable":true,"href":"https:\/\/lundr-bauunternehmen.de\/index.php?rest_route=\/wp\/v2\/pages\/180"}],"wp:attachment":[{"href":"https:\/\/lundr-bauunternehmen.de\/index.php?rest_route=%2Fwp%2Fv2%2Fmedia&parent=227"}],"curies":[{"name":"wp","href":"https:\/\/api.w.org\/{rel}","templated":true}]}}