{"id":182,"date":"2017-11-13T10:36:34","date_gmt":"2017-11-13T09:36:34","guid":{"rendered":"https:\/\/lundr-bauunternehmen.de\/?page_id=182"},"modified":"2024-11-15T10:26:28","modified_gmt":"2024-11-15T09:26:28","slug":"unternehmen","status":"publish","type":"page","link":"https:\/\/lundr-bauunternehmen.de\/?page_id=182","title":{"rendered":"Unternehmen"},"content":{"rendered":"<!-- wp:themify-builder\/canvas \/-->","protected":false},"excerpt":{"rendered":"","protected":false},"author":1,"featured_media":0,"parent":0,"menu_order":0,"comment_status":"closed","ping_status":"closed","template":"","meta":{"footnotes":""},"class_list":["post-182","page","type-page","status-publish","hentry","has-post-title","has-post-date","has-post-category","has-post-tag","has-post-comment","has-post-author",""],"builder_content":"L &amp; R besteht seit mehr als 20 Jahren und ist eine familiengef\u00fchrtes Bauunternehmen im Bereich Hoch- und Tiefbau und andere Bauleistungen. Gerne werden wir auch f\u00fcr sie T\u00e4tig bei Herstellung, Instandsetzung, Instandhaltung, \u00c4nderung und Beseitigung von Bauwerken nach Ihrem Wunsch. Entscheiden Sie sich f\u00fcr einen Familienunternehmen mit Tradition und gewissenhafter Umsetzen Ihrer W\u00fcnsche. Unsere Arbeit ist ein Beweis f\u00fcr ein typisches Familienunternehmen, die sich auch in Krisenzeiten sich behauptet hat. Dies Geschieht nur mit Flei\u00df und anst\u00e4ndiger Arbeit. Lassen Sie ihre Projekte mit gewissenhafter Arbeit von uns erledigen. \nIhr L &amp; R Bauunternehmen\n<h2>Unternehmensphilosophie<br\/><\/h2>\n<a href=\"https:\/\/lundr-bauunternehmen.de\/?page_id=245\" > mehr dazu <\/a>\n<h2>Kompetenzen<br\/><\/h2>\n<a href=\"https:\/\/lundr-bauunternehmen.de\/?page_id=247\" > mehr dazu <\/a>\n<h2>Historie<br\/><\/h2>\n<a href=\"https:\/\/lundr-bauunternehmen.de\/?page_id=249\" > mehr dazu <\/a>","_links":{"self":[{"href":"https:\/\/lundr-bauunternehmen.de\/index.php?rest_route=\/wp\/v2\/pages\/182","targetHints":{"allow":["GET"]}}],"collection":[{"href":"https:\/\/lundr-bauunternehmen.de\/index.php?rest_route=\/wp\/v2\/pages"}],"about":[{"href":"https:\/\/lundr-bauunternehmen.de\/index.php?rest_route=\/wp\/v2\/types\/page"}],"author":[{"embeddable":true,"href":"https:\/\/lundr-bauunternehmen.de\/index.php?rest_route=\/wp\/v2\/users\/1"}],"replies":[{"embeddable":true,"href":"https:\/\/lundr-bauunternehmen.de\/index.php?rest_route=%2Fwp%2Fv2%2Fcomments&post=182"}],"version-history":[{"count":80,"href":"https:\/\/lundr-bauunternehmen.de\/index.php?rest_route=\/wp\/v2\/pages\/182\/revisions"}],"predecessor-version":[{"id":1589,"href":"https:\/\/lundr-bauunternehmen.de\/index.php?rest_route=\/wp\/v2\/pages\/182\/revisions\/1589"}],"wp:attachment":[{"href":"https:\/\/lundr-bauunternehmen.de\/index.php?rest_route=%2Fwp%2Fv2%2Fmedia&parent=182"}],"curies":[{"name":"wp","href":"https:\/\/api.w.org\/{rel}","templated":true}]}}